{"id":435,"date":"2025-07-30T13:20:37","date_gmt":"2025-07-30T13:20:37","guid":{"rendered":"https:\/\/vascorlogistics.com\/?page_id=435"},"modified":"2025-08-07T17:15:00","modified_gmt":"2025-08-07T17:15:00","slug":"vendor-code-of-conduct","status":"publish","type":"page","link":"https:\/\/vascorlogistics.com\/es\/vendor-code-of-conduct\/","title":{"rendered":"C\u00f3digo de conducta del vendedor"},"content":{"rendered":"<div class='breakdance'><section class=\"bde-section-435-100 bde-section\">\n  \n  \n\t\n\n\n\n<div class=\"section-container\"><div class=\"bde-div-435-101 bde-div\">\n  \n  \n\t\n\n\n\n<h1 class=\"bde-heading-435-102 bde-heading\">\nC\u00f3digo de conducta del vendedor\n<\/h1>\n<\/div><\/div>\n<\/section><section class=\"bde-section-435-103 bde-section\">\n  \n  \n\t\n\n\n\n<div class=\"section-container\"><div class=\"bde-div-435-104 bde-div\">\n  \n  \n\t\n\n\n\n<div class=\"bde-text-435-105 bde-text\">\n<p><strong>DECLARACI\u00d3N DE POL\u00cdTICA<\/strong><\/p><p>Este C\u00f3digo de Conducta para Proveedores (\u201cCCOP\u201d) es el est\u00e1ndar de pr\u00e1ctica comercial aplicable a todos los Proveedores de VASCOR, Ltd. y su grupo de empresas (en adelante, \u201cVASCOR\u201d). VASCOR espera que sus Proveedores compartan su compromiso con el cumplimiento de los est\u00e1ndares de conducta e integridad en sus relaciones comerciales. Por \u201cProveedor\u201d, VASCOR se refiere a cualquier empresa, corporaci\u00f3n, firma o individuo que proporcione productos o servicios a VASCOR o a sus clientes, incluyendo, entre otros, a sus empleados, agentes y subcontratistas. Nuestro CCOP describe las expectativas de VASCOR con respecto a su abastecimiento, incluyendo su compromiso con los derechos humanos, el cumplimiento de las leyes, la salud y la seguridad, el cumplimiento ambiental y la \u00e9tica empresarial.<\/p><p><strong>PRINCIPIOS GENERALES Y NORMAS DE CONDUCTA<\/strong><\/p><p>VASCOR exige a todos los Proveedores que cumplan con este VCOC y que comuniquen estas expectativas mediante la adopci\u00f3n de pol\u00edticas, procedimientos y capacitaci\u00f3n para mantener estos est\u00e1ndares en sus operaciones comerciales. VASCOR se compromete a colaborar con nuestros Proveedores y apoyarlos para que cumplan con este VCOC. Al aceptar cualquier relaci\u00f3n comercial con VASCOR, el Proveedor reconoce su aceptaci\u00f3n de este VCOC y se compromete a cumplir con estos requisitos.<\/p><p><strong>(I) CUMPLIMIENTO DE LAS LEYES Y POL\u00cdTICAS LABORALES DE VASCOR<\/strong><\/p><p>Todos los proveedores deber\u00e1n llevar a cabo sus actividades comerciales en pleno cumplimiento de todas las leyes y\/o reglamentaciones federales, estatales y locales aplicables.<\/p><p><strong>1. Trabajo infantil<\/strong><\/p><p style=\"margin-top:6px; margin-right:11px; text-align:justify\">VASCOR no tolera ninguna forma de trabajo infantil abusivo o ilegal en nuestra cadena de suministro. El Proveedor deber\u00e1 prevenir el trabajo infantil en sus operaciones y se le anima a participar en las iniciativas para erradicar dichas pr\u00e1cticas.<\/p><p><strong>2. Leyes de competencia y antimonopolio<\/strong><\/p><p>Los proveedores deber\u00e1n realizar sus negocios en pleno cumplimiento de las leyes antimonopolio y de competencia leal aplicables. Deber\u00e1n evitar acuerdos o entendimientos il\u00edcitos que limiten indebidamente el suministro o afecten el precio de los bienes o servicios proporcionados u ofrecidos por VASCOR. VASCOR no tolera ninguna forma de trabajo abusivo o ilegal. Se proh\u00edbe toda forma de trabajo forzoso y trata de personas.<\/p><p><strong>3. Trata de personas<\/strong><\/p><p>VASCOR no tolera ninguna forma de trabajo infantil abusivo o ilegal en nuestra cadena de suministro. El Proveedor deber\u00e1 prevenir el trabajo infantil en sus operaciones y se le anima a participar en las iniciativas para erradicar dichas pr\u00e1cticas.<\/p><p><strong>4. Regalos y entretenimiento<\/strong><\/p><p>Los Proveedores reconocen que los empleados de VASCOR tienen prohibido aceptar obsequios que no sean ocasionales y modestos, incluyendo comidas y entretenimiento. Los Proveedores no est\u00e1n autorizados a dar ni recibir obsequios, hospitalidad ni entretenimiento en nombre de VASCOR.<\/p><p><strong>5. Protecci\u00f3n de datos<\/strong><\/p><p>Los proveedores deber\u00e1n cumplir con todas las leyes y normativas aplicables en materia de privacidad de datos. Los proveedores que recopilen, procesen o controlen datos personales en nombre de VASCOR deber\u00e1n cumplir con las normas y pol\u00edticas corporativas de VASCOR relativas a dichos servicios y deber\u00e1n evitar el uso o la difusi\u00f3n indebidos y no autorizados de dichos datos.<\/p><p><strong>6. Normas del lugar de trabajo<\/strong><\/p><p>Al visitar o realizar trabajos en las instalaciones de VASCOR, el Proveedor deber\u00e1 comportarse de manera profesional y respetuosa y deber\u00e1 cumplir con las reglas de seguridad y las pol\u00edticas contra el acoso de VASCOR.<\/p><p><strong>7. Prevenci\u00f3n del blanqueo de capitales y la financiaci\u00f3n del terrorismo<\/strong><\/p><p>Los proveedores deber\u00e1n cumplir con todas las leyes y regulaciones aplicables contra el lavado de dinero y la financiaci\u00f3n del terrorismo. No participar\u00e1n a sabiendas en ning\u00fan plan para blanquear dinero relacionado con actividades delictivas o terroristas. No realizar\u00e1n negocios, ni directa ni indirectamente, con ninguna persona incluida en las listas de terroristas u organizaciones terroristas elaboradas por Estados Unidos o cualquier otra organizaci\u00f3n nacional o internacional. Se comprometen a realizar negocios con clientes y proveedores que participen en actividades comerciales leg\u00edtimas y cuyos fondos provengan de fuentes leg\u00edtimas.<\/p><p><strong>(II) PR\u00c1CTICAS COMERCIALES<\/strong><\/p><p>Los proveedores deben comprometerse con los m\u00e1s altos est\u00e1ndares de conducta legal y comercial al tratar con sus empleados, proveedores y clientes, incluido VASCOR.<\/p><p><strong>1. Propiedad de VASCOR<\/strong><\/p><p>Los vendedores se comprometen a no convertir y\/o apropiarse il\u00edcitamente de bienes de VASCOR, bienes dados o subdados a VASCOR y\/o bienes pertenecientes a clientes y\/o subcontratistas de VASCOR.<\/p><p><strong>2. Registros comerciales precisos<\/strong><\/p><p>Los proveedores deber\u00e1n mantener registros financieros y contables precisos y oportunos de todas las transacciones relacionadas con su negocio con VASCOR y conservarlos seg\u00fan lo exija la legislaci\u00f3n aplicable, pero en ning\u00fan caso por un per\u00edodo inferior a 3 a\u00f1os. No se realizar\u00e1 ning\u00fan asiento contable o financiero que oculte o disimule la verdadera naturaleza de ninguna transacci\u00f3n o registro.<\/p><p><strong>3. Informaci\u00f3n confidencial<\/strong><\/p><p>Los proveedores deber\u00e1n proteger la informaci\u00f3n confidencial de VASCOR y no deber\u00e1n compartirla con terceros a menos que VASCOR los autorice por escrito.<\/p><p><strong>4. Propiedad intelectual<\/strong><\/p><p>Los proveedores deber\u00e1n proteger la propiedad intelectual de VASCOR de manera consistente con la ley y respetar las patentes v\u00e1lidas.<\/p><p><strong>5. Conducta honesta y legal<\/strong><\/p><p>Los vendedores se comprometen a no participar en ninguna conducta que, seg\u00fan la legislaci\u00f3n aplicable, constituya mala conducta intencional, un delito penal y\/o enga\u00f1o il\u00edcito.<\/p><p><strong>(III) PRINCIPIOS \u00c9TICOS Y CONFLICTO DE INTERESES<\/strong><\/p><p>Los proveedores deber\u00e1n llevar a cabo sus negocios de manera que se ajusten al m\u00e1s alto nivel de \u00e9tica empresarial. Deben evitar pr\u00e1cticas desleales y cualquier conflicto de intereses, ya sea aparente o no, en todas sus relaciones.<\/p><p><strong>(IV) SALUD Y SEGURIDAD<\/strong><\/p><p>Los proveedores deber\u00e1n proporcionar un entorno de trabajo seguro y saludable para sus empleados. Deber\u00e1n mantener y hacer cumplir las pol\u00edticas contra el consumo de drogas y alcohol.<\/p><p><strong>(V) EMPLEO<\/strong><\/p><p>Los proveedores deber\u00e1n cumplir con todas las leyes aplicables relacionadas, entre otras, con salarios, horas de trabajo, condiciones y prohibici\u00f3n del trabajo infantil.<\/p><p>Los proveedores no deber\u00e1n incurrir en discriminaci\u00f3n o acoso por motivos de raza, color, edad, g\u00e9nero, identidad de g\u00e9nero, orientaci\u00f3n sexual, origen nacional, etnia, discapacidad, embarazo, religi\u00f3n, condici\u00f3n de veterano, afiliaci\u00f3n pol\u00edtica, membres\u00eda sindical o estado civil en las pr\u00e1cticas de contrataci\u00f3n y empleo.<\/p><p>Los proveedores no prohibir\u00e1n la libertad de asociaci\u00f3n y la negociaci\u00f3n colectiva.<\/p><p><strong>(VI) GESTI\u00d3N DE PROVEEDORES<\/strong><\/p><p>Todos los Proveedores deber\u00e1n mantener pol\u00edticas y programas de cumplimiento adecuados y relevantes, de conformidad con este VCOC. Los Proveedores deber\u00e1n reconocer por escrito que comprenden y cumplir\u00e1n con este VCOC.<\/p><p>VASCOR tendr\u00e1 el derecho de auditar el cumplimiento de los Proveedores en un momento y lugar mutuamente acordados, y los Proveedores brindar\u00e1n plena cooperaci\u00f3n a VASCOR en tal caso.<\/p><p><strong>(VII) CUMPLIMIENTO AMBIENTAL<\/strong><\/p><p>Los proveedores deber\u00e1n operar de manera ambientalmente responsable y eficiente para minimizar los impactos adversos sobre el medio ambiente y deber\u00e1n cumplir con todas las regulaciones ambientales aplicables.<\/p><p><strong>CONSECUENCIAS DEL INCUMPLIMIENTO<\/strong><\/p><p>En caso de que el Proveedor incumpla cualquier t\u00e9rmino de este VCOC, VASCOR tendr\u00e1, a su exclusivo criterio, sin perjuicio de los derechos y recursos de VASCOR por ley y equidad, el derecho de rescindir el contrato o los contratos con el Proveedor mediante notificaci\u00f3n por escrito al Proveedor dentro de los treinta (30) d\u00edas de que VASCOR tenga conocimiento del incumplimiento.<\/p><p><strong>RECURSOS DE INFORMES DE \u00c9TICA DE VASCOR<\/strong><\/p><p>Si desea denunciar un comportamiento cuestionable o una posible infracci\u00f3n de este C\u00f3digo de Conducta de Virginia (VCOC), le recomendamos que contacte con su contacto principal de VASCOR para resolver su inquietud. Si esto no es posible o apropiado, denuncie cualquier infracci\u00f3n en l\u00ednea en apllemployeehotline.ethicspoint.com o llamando al 844-765-6703.<\/p><p>VASCOR mantendr\u00e1 la confidencialidad en la medida de lo posible y no tolerar\u00e1 ninguna retribuci\u00f3n ni represalia contra ninguna persona que, de buena fe, haya buscado asesoramiento o informado sobre un comportamiento cuestionable o una posible violaci\u00f3n de este C\u00f3digo de conducta del proveedor.<\/p>\n<\/div>\n<\/div><\/div>\n<\/section><\/div>","protected":false},"excerpt":{"rendered":"<p>Vendor Code of Conduct STATEMENT OF POLICYThis Vendor Code of Conduct (\u201cVCOC\u201d) is the standard of business practice that applies to all Vendors of VASCOR, Ltd. and its group of companies (collectively referred to herein as \u201cVASCOR\u201d). VASCOR expects its Vendors to share its commitment to achieving the standards of conduct and integrity in its [&hellip;]<\/p>\n","protected":false},"author":1,"featured_media":0,"parent":0,"menu_order":0,"comment_status":"closed","ping_status":"closed","template":"","meta":{"_breakdance_hide_in_design_set":false,"_breakdance_tags":"","footnotes":""},"class_list":["post-435","page","type-page","status-publish","hentry"],"_links":{"self":[{"href":"https:\/\/vascorlogistics.com\/es\/wp-json\/wp\/v2\/pages\/435","targetHints":{"allow":["GET"]}}],"collection":[{"href":"https:\/\/vascorlogistics.com\/es\/wp-json\/wp\/v2\/pages"}],"about":[{"href":"https:\/\/vascorlogistics.com\/es\/wp-json\/wp\/v2\/types\/page"}],"author":[{"embeddable":true,"href":"https:\/\/vascorlogistics.com\/es\/wp-json\/wp\/v2\/users\/1"}],"replies":[{"embeddable":true,"href":"https:\/\/vascorlogistics.com\/es\/wp-json\/wp\/v2\/comments?post=435"}],"version-history":[{"count":6,"href":"https:\/\/vascorlogistics.com\/es\/wp-json\/wp\/v2\/pages\/435\/revisions"}],"predecessor-version":[{"id":520,"href":"https:\/\/vascorlogistics.com\/es\/wp-json\/wp\/v2\/pages\/435\/revisions\/520"}],"wp:attachment":[{"href":"https:\/\/vascorlogistics.com\/es\/wp-json\/wp\/v2\/media?parent=435"}],"curies":[{"name":"wp","href":"https:\/\/api.w.org\/{rel}","templated":true}]}}