{"id":433,"date":"2025-07-30T13:20:20","date_gmt":"2025-07-30T13:20:20","guid":{"rendered":"https:\/\/vascorlogistics.com\/?page_id=433"},"modified":"2025-08-07T17:14:53","modified_gmt":"2025-08-07T17:14:53","slug":"cookie-policy","status":"publish","type":"page","link":"https:\/\/vascorlogistics.com\/es\/cookie-policy\/","title":{"rendered":"Pol\u00edtica de cookies"},"content":{"rendered":"<div class='breakdance'><section class=\"bde-section-433-100 bde-section\">\n  \n  \n\t\n\n\n\n<div class=\"section-container\"><div class=\"bde-div-433-101 bde-div\">\n  \n  \n\t\n\n\n\n<h1 class=\"bde-heading-433-102 bde-heading\">\nPol\u00edtica de cookies\n<\/h1>\n<\/div><\/div>\n<\/section><section class=\"bde-section-433-103 bde-section\">\n  \n  \n\t\n\n\n\n<div class=\"section-container\"><div class=\"bde-div-433-104 bde-div\">\n  \n  \n\t\n\n\n\n<div class=\"bde-text-433-105 bde-text\">\n<p><strong>Definici\u00f3n:<\/strong> Los t\u00e9rminos \u201cnosotros\u201d, \u201cnos\u201d y \u201cnuestro\u201d se utilizan para referirse a VASCOR, LTD. y al grupo de empresas que constituyen sus subsidiarias directas y\/o afiliadas corporativas.<\/p><p>Nuestro sitio web (el &quot;Sitio&quot;) utiliza cookies para mejorar su rendimiento y brindarle una buena experiencia al navegar por \u00e9l. Esta Pol\u00edtica de Cookies le proporciona informaci\u00f3n sobre qu\u00e9 es una cookie en general, qu\u00e9 cookies utilizamos, su finalidad, c\u00f3mo utilizamos la informaci\u00f3n recopilada sobre las cookies y c\u00f3mo puede limitar su uso. Para revisar nuestra pol\u00edtica de privacidad aplicable a los usuarios de nuestro Sitio, lea nuestra Pol\u00edtica de Privacidad.<\/p><h6>1. \u00bfQu\u00e9 son las cookies?<\/h6><p>Las cookies suelen ser peque\u00f1os archivos de texto que contienen una cadena de caracteres que enviamos y almacenamos en su computadora cuando visita nuestro Sitio.<\/p><h6>2. \u00bfPara qu\u00e9 utilizamos las cookies?<\/h6><p>Las cookies pueden almacenar las preferencias del usuario y otra informaci\u00f3n cuando visita nuestro Sitio. Utilizamos cookies para mejorar nuestros servicios, por ejemplo, recordando la configuraci\u00f3n y las preferencias para que no tenga que volver a introducir la misma informaci\u00f3n cada vez que visita una nueva p\u00e1gina; recordando la informaci\u00f3n que ha proporcionado para que no tenga que volver a introducirla; y midiendo el uso del sitio web para mejorar el contenido y las ofertas.<\/p><p>Las cookies pueden utilizarse para optimizar sus futuras actividades y experiencia en nuestro Sitio. Al interactuar con nosotros en nuestro Sitio, podemos recopilar, con fines de an\u00e1lisis, informaci\u00f3n estad\u00edstica como el n\u00famero de usuarios, su frecuencia de uso, el n\u00famero de visitas (o impresiones) y los puntos de entrada y salida habituales.<\/p><p>Utilizamos esta informaci\u00f3n estad\u00edstica para comprender c\u00f3mo las personas utilizan nuestro Sitio y para mejorar su estructura y contenido. No podemos identificarle personalmente a partir de esta informaci\u00f3n.<\/p><h6>3. Su consentimiento<\/h6><p>Al continuar usando nuestro Sitio sin cambiar ninguna configuraci\u00f3n, se considerar\u00e1 que ha dado su consentimiento para que coloquemos cookies en su computadora con el fin de analizar la forma en que utiliza nuestro Sitio.<\/p><h6>4. C\u00f3mo bloquear o deshabilitar las cookies<\/h6><p>Puede bloquear o deshabilitar el uso de cookies configurando su navegador para que no se creen cookies en su dispositivo. Tambi\u00e9n puede eliminar las cookies de su navegador si desea retirar su consentimiento en cualquier momento. Para cambiar esta configuraci\u00f3n, las opciones se encuentran normalmente en el men\u00fa de &quot;Opciones&quot; o &quot;Preferencias&quot; de su navegador, seg\u00fan el que utilice. Tambi\u00e9n puede encontrar informaci\u00f3n detallada sobre c\u00f3mo bloquear, habilitar o eliminar cookies y configurar su navegador en http:\/\/www.allaboutcookies.org\/.<\/p><p>La mayor parte de nuestro Sitio funcionar\u00e1 sin cookies, pero si elige bloquear o deshabilitar las cookies, puede perder algunas caracter\u00edsticas y funcionalidades de nuestro Sitio.<\/p><h6>5. Cont\u00e1ctenos<\/h6><p>Si tiene alguna consulta o inquietud con respecto a nuestra Pol\u00edtica de Cookies, puede contactarnos por correo electr\u00f3nico a:<\/p><p class=\"ml-40\"><a href=\"mailto:contactus@vascorlogistics.com\">contactus@vascorlogistics.com<\/a><\/p>\n<\/div>\n<\/div><\/div>\n<\/section><\/div>","protected":false},"excerpt":{"rendered":"<p>Cookie Policy Definition: The terms \u201cwe,\u201d \u201cus,\u201d and \u201cour\u201d are used to refer to VASCOR, LTD. and the group of companies constituting its direct subsidiaries and\/or corporate affiliates.Our website (the \u201cSite\u201d) uses cookies to improve our Site\u2019s performance and provide you with a good experience when you browse our Site. This Cookie Policy provides you [&hellip;]<\/p>\n","protected":false},"author":1,"featured_media":0,"parent":0,"menu_order":0,"comment_status":"closed","ping_status":"closed","template":"","meta":{"_breakdance_hide_in_design_set":false,"_breakdance_tags":"","footnotes":""},"class_list":["post-433","page","type-page","status-publish","hentry"],"_links":{"self":[{"href":"https:\/\/vascorlogistics.com\/es\/wp-json\/wp\/v2\/pages\/433","targetHints":{"allow":["GET"]}}],"collection":[{"href":"https:\/\/vascorlogistics.com\/es\/wp-json\/wp\/v2\/pages"}],"about":[{"href":"https:\/\/vascorlogistics.com\/es\/wp-json\/wp\/v2\/types\/page"}],"author":[{"embeddable":true,"href":"https:\/\/vascorlogistics.com\/es\/wp-json\/wp\/v2\/users\/1"}],"replies":[{"embeddable":true,"href":"https:\/\/vascorlogistics.com\/es\/wp-json\/wp\/v2\/comments?post=433"}],"version-history":[{"count":5,"href":"https:\/\/vascorlogistics.com\/es\/wp-json\/wp\/v2\/pages\/433\/revisions"}],"predecessor-version":[{"id":519,"href":"https:\/\/vascorlogistics.com\/es\/wp-json\/wp\/v2\/pages\/433\/revisions\/519"}],"wp:attachment":[{"href":"https:\/\/vascorlogistics.com\/es\/wp-json\/wp\/v2\/media?parent=433"}],"curies":[{"name":"wp","href":"https:\/\/api.w.org\/{rel}","templated":true}]}}