{"id":429,"date":"2025-07-30T13:19:58","date_gmt":"2025-07-30T13:19:58","guid":{"rendered":"https:\/\/vascorlogistics.com\/?page_id=429"},"modified":"2025-08-07T17:14:36","modified_gmt":"2025-08-07T17:14:36","slug":"privacy-policy","status":"publish","type":"page","link":"https:\/\/vascorlogistics.com\/es\/privacy-policy\/","title":{"rendered":"Pol\u00edtica de privacidad"},"content":{"rendered":"<div class='breakdance'><section class=\"bde-section-429-100 bde-section\">\n  \n  \n\t\n\n\n\n<div class=\"section-container\"><div class=\"bde-div-429-101 bde-div\">\n  \n  \n\t\n\n\n\n<h1 class=\"bde-heading-429-102 bde-heading\">\nPol\u00edtica de privacidad\n<\/h1>\n<\/div><\/div>\n<\/section><section class=\"bde-section-429-103 bde-section\">\n  \n  \n\t\n\n\n\n<div class=\"section-container\"><div class=\"bde-div-429-104 bde-div\">\n  \n  \n\t\n\n\n\n<div class=\"bde-text-429-106 bde-text\">\n<p><strong>Definici\u00f3n:<\/strong> Los t\u00e9rminos \u201cnosotros\u201d, \u201cnos\u201d y \u201cnuestro\u201d se utilizan para referirse a VASCOR, Ltd y sus Afiliados1 (colectivamente \u201cGrupo VASCOR\u201d).<\/p><p>Nos comprometemos a proteger la privacidad de los usuarios que acceden a nuestro sitio web (el &quot;Sitio&quot;). Esta Pol\u00edtica de Privacidad explica el tipo de informaci\u00f3n que recopilamos y el uso que hacemos de ella. Al utilizar el Sitio, usted acepta los t\u00e9rminos y pol\u00edticas descritos en esta Pol\u00edtica de Privacidad.<\/p><p>A los efectos de la legislaci\u00f3n de protecci\u00f3n de datos aplicable, VASCOR Group es el controlador de datos de la informaci\u00f3n recopilada a trav\u00e9s de este Sitio.<\/p><h6>1. Informaci\u00f3n recopilada en el Sitio<\/h6><p>Recopilamos informaci\u00f3n personal \u00fanicamente de aquellos usuarios que optan por realizar transacciones comerciales en el Sitio y que se han registrado en \u00e9l (&quot;Usuarios Registrados&quot;). Tambi\u00e9n utilizamos cookies; consulte nuestra pol\u00edtica de cookies.<a href=\"\/es\/cookie-policy\/\"> Pol\u00edtica de cookies<\/a>.<\/p><p>La informaci\u00f3n personal se refiere a la informaci\u00f3n sobre una persona identificable y puede incluir su nombre, direcci\u00f3n, n\u00famero de tel\u00e9fono y fax, direcci\u00f3n de correo electr\u00f3nico e informaci\u00f3n laboral, como la que se puede encontrar en un curr\u00edculum v\u00edtae o una solicitud de empleo. La informaci\u00f3n personal no incluye la informaci\u00f3n de contacto comercial (por ejemplo, direcci\u00f3n de la oficina, n\u00famero de tel\u00e9fono de la centralita) en aquellas jurisdicciones que no la reconocen como informaci\u00f3n personal.<\/p><p>Recopilamos los siguientes tipos de informaci\u00f3n personal a trav\u00e9s de este sitio:<\/p><p style=\"margin-left: 40px;\">a) Informaci\u00f3n sobre usted, como su nombre, direcci\u00f3n, correo electr\u00f3nico y otros datos de contacto, los detalles de su cuenta cuando se registra con nosotros y los trabajos que le interesan y su experiencia relevante, calificaciones y salario cuando solicita un trabajo con nosotros;<\/p><p style=\"margin-left: 40px;\">b) Informaci\u00f3n sobre su uso de nuestros servicios;<\/p><p style=\"margin-left: 40px;\">c) Detalles sobre los servicios que le hemos proporcionado en el pasado;<\/p><p style=\"margin-left: 40px;\">d) Informaci\u00f3n sobre su uso del Sitio; y<\/p><p style=\"margin-left: 40px;\">e) Cualquier otra informaci\u00f3n que nos proporcione cuando se comunique con nosotros, incluso cuando utilice nuestro formulario de consulta, n\u00famero de tel\u00e9fono, direcci\u00f3n de correo electr\u00f3nico o escriba a nuestra direcci\u00f3n postal, o que nos proporcione a trav\u00e9s de nuestro recurso de informes \u00e9ticos.<\/p><p style=\"margin-left: 40px;\">Usted es responsable de mantener la confidencialidad de cualquier ID de usuario que se le pueda asignar, as\u00ed como de cualquier n\u00famero de cuenta, nombre de cuenta o contrase\u00f1as, si corresponde, para los servicios que utiliza a trav\u00e9s del Sitio.<\/p><h6>2. C\u00f3mo utilizamos su informaci\u00f3n personal y nuestra base legal para hacerlo<\/h6><p>Procesamos su informaci\u00f3n personal para los siguientes fines y de acuerdo con las siguientes bases legales:<\/p><p style=\"margin-left: 40px;\">a) para identificarlo y verificar su identidad, para nuestro inter\u00e9s leg\u00edtimo de detenci\u00f3n y protecci\u00f3n contra fraudes y para permitirnos llevar a cabo nuestro contrato con usted (si corresponde);<\/p><p style=\"margin-left: 40px;\">b) para permitirnos comunicarnos con usted para servicios u oportunidades seg\u00fan lo solicitado por usted, como servicio al cliente o informaci\u00f3n sobre la prestaci\u00f3n de nuestros servicios, de acuerdo con nuestro inter\u00e9s leg\u00edtimo de comunicarnos con clientes y clientes potenciales sobre nuestros servicios;<\/p><p style=\"margin-left: 40px;\">c) permitirle solicitar empleo y brindarle informaci\u00f3n sobre una oportunidad laboral si ha enviado un curr\u00edculum en l\u00ednea, de acuerdo con nuestro inter\u00e9s leg\u00edtimo de contratar nuevo personal;<\/p><p style=\"margin-left: 40px;\">d) realizar mejoras a los materiales o productos ofrecidos en el Sitio y al Sitio en general, de acuerdo con nuestro inter\u00e9s leg\u00edtimo de hacerlo;<\/p><p style=\"margin-left: 40px;\">e) permitir a los Usuarios Registrados acceder a las funcionalidades descritas en el Sitio;<\/p><p style=\"margin-left: 40px;\">f) cuando sea legalmente requerido o sea de nuestro leg\u00edtimo inter\u00e9s hacerlo, para cumplir con solicitudes de las autoridades policiales y reguladoras;<\/p><p style=\"margin-left: 40px;\">g) para obtener asesoramiento legal de acuerdo con nuestro inter\u00e9s leg\u00edtimo de hacerlo, o para establecer, ejercer o defender reclamaciones legales, seg\u00fan las circunstancias;<\/p><p style=\"margin-left: 40px;\">h) consultar a nuestros asesores profesionales, por ejemplo para fines de auditor\u00eda, de acuerdo con nuestro inter\u00e9s leg\u00edtimo de operar nuestro negocio de manera eficiente y transparente;<\/p><p style=\"margin-left: 40px;\">i) investigar violaciones de la Pol\u00edtica de Privacidad o de los \u201cT\u00e9rminos de Uso\u201d de acuerdo con nuestro inter\u00e9s leg\u00edtimo de hacerlo; y<\/p><h6>3. C\u00f3mo compartimos su informaci\u00f3n personal con terceros<\/h6><p>Si vendemos activos (o los activos de una divisi\u00f3n o subsidiaria) a otra entidad, o si nosotros (o una divisi\u00f3n o subsidiaria) somos adquiridos por o fusionados con otra entidad, podemos proporcionar a dicha entidad su informaci\u00f3n personal relacionada con esa parte de nuestro negocio que fue vendida o fusionada con la otra entidad sin su consentimiento.<\/p><p>Aparte de lo descrito en esta Pol\u00edtica de privacidad o de lo que le comuniquemos espec\u00edficamente, no proporcionamos informaci\u00f3n proporcionada por usted a terceros, excepto cuando la ley, una orden judicial o una autoridad gubernamental lo requieran o se basen en la creencia de buena fe de que la divulgaci\u00f3n es necesaria, incluido, entre otros, para proteger nuestros derechos cuando tengamos motivos para creer que la divulgaci\u00f3n de la informaci\u00f3n es necesaria para identificar, contactar o emprender acciones legales contra alguien que pueda estar causando interferencia con nuestros derechos o causando da\u00f1o a terceros.<\/p><h6>4. Durante cu\u00e1nto tiempo conservamos su informaci\u00f3n<\/h6><p>Conservamos su informaci\u00f3n personal durante el tiempo que sea necesario por razones legales o comerciales leg\u00edtimas, incluido el cumplimiento de cualquier obligaci\u00f3n regulatoria. El tiempo durante el cual conservamos su informaci\u00f3n depende del tipo de registro y de nuestra relaci\u00f3n con usted.<\/p><h6>5. Enlaces a sitios web de terceros<\/h6><p>El Sitio puede contener enlaces a sitios web ajenos al nuestro, de los cuales no somos responsables. Dichos sitios web pueden recopilar informaci\u00f3n personal suya. Estos sitios web pueden enviarle sus propias cookies y recopilar informaci\u00f3n y utilizarla de forma incompatible con esta Pol\u00edtica de Privacidad.<\/p><p>Al utilizar dichos sitios web, salvo que se indique expresamente lo contrario, la recopilaci\u00f3n y el uso de su informaci\u00f3n personal se regir\u00e1n por la pol\u00edtica de privacidad aplicable a dicho sitio web, la cual deber\u00e1 identificar a la entidad que recopila su informaci\u00f3n personal. Salvo que indiquemos expl\u00edcitamente lo contrario, dichas referencias no implican en modo alguno nuestra aprobaci\u00f3n, recomendaci\u00f3n o preferencia por dichos productos, servicios o informaci\u00f3n contenida en ning\u00fan otro sitio.<\/p><p>En algunos casos, los sitios web de terceros son nuestros proveedores de servicios. Tenga en cuenta que nuestros acuerdos con estos proveedores suelen estipular que compartir\u00e1n con nosotros la informaci\u00f3n personal que recopilemos de usted. En tales casos, podremos utilizar esta informaci\u00f3n de conformidad con esta Pol\u00edtica de Privacidad.<\/p><h6>6. Uso de cookies y archivos de registro<\/h6><p>El Sitio no utiliza cookies persistentes o almacenadas; sin embargo, s\u00ed utiliza cookies temporales o de sesi\u00f3n.<\/p><p>Las cookies temporales o de sesi\u00f3n act\u00faan como un ID de sesi\u00f3n generado aleatoriamente; duran s\u00f3lo mientras el Usuario Registrado est\u00e1 conectado al Sitio y se cancelan al final de la sesi\u00f3n (es decir, el Usuario Registrado cierra la sesi\u00f3n del Sitio o cierra su programa de navegador web).<\/p><p>El Sitio utiliza cookies temporales por motivos de seguridad. Cada vez que un Usuario Registrado inicia sesi\u00f3n en el Sitio, el servidor genera un ID de sesi\u00f3n temporal que asocia con su nombre de usuario, contrase\u00f1a y dispositivo (como una computadora o un tel\u00e9fono m\u00f3vil) durante esa sesi\u00f3n.<\/p><p>Esto permite al Usuario Registrado navegar entre p\u00e1ginas del Sitio durante una sesi\u00f3n espec\u00edfica, sin tener que volver a ingresar su nombre de usuario o contrase\u00f1a. La cookie temporal permite al servidor del Sitio verificar continuamente que el usuario tiene permisos mientras navega entre p\u00e1ginas durante una sesi\u00f3n espec\u00edfica.<\/p><p>Cuando el Usuario Registrado cierra sesi\u00f3n en el Sitio, la ID de sesi\u00f3n temporal se cancela y se elimina de la memoria temporal del dispositivo del usuario; y tambi\u00e9n se termina la asociaci\u00f3n en el servidor del Sitio entre la ID de sesi\u00f3n temporal y el nombre de inicio de sesi\u00f3n y la contrase\u00f1a espec\u00edficos del usuario.<\/p><p>Tambi\u00e9n utilizamos archivos de registro para analizar de forma an\u00f3nima el uso del sitio. Un &quot;archivo de registro&quot; es un archivo de datos que registra la actividad de un Usuario Registrado mientras utiliza el Sitio.<\/p><p>Para obtener informaci\u00f3n detallada sobre las cookies y c\u00f3mo las utilizamos en nuestro Sitio, consulte nuestra <a href=\"\/es\/cookie-policy\/\">Pol\u00edtica de cookies<\/a>.<\/p><h6>7. Seguridad<\/h6><p>Almacenamos la informaci\u00f3n recibida de los Usuarios Registrados en computadoras seguras. Solo un peque\u00f1o n\u00famero de nuestros empleados y\/o contratistas tiene acceso f\u00edsico a estas computadoras. Utilizamos firewalls y otras tecnolog\u00edas de seguridad para evitar el acceso no autorizado a nuestras computadoras.<\/p><p>Si bien hemos tomado medidas para proteger la informaci\u00f3n de los Usuarios Registrados, tenga en cuenta que (i) ning\u00fan sistema inform\u00e1tico es inmune a intrusiones; y (ii) la informaci\u00f3n transmitida al Sitio puede necesitar pasar por varios sistemas para su procesamiento. Por lo tanto, no podemos garantizar la seguridad ni la confidencialidad absolutas de la informaci\u00f3n transmitida al Sitio.<\/p><h6>8. Cambios a esta Pol\u00edtica de Privacidad<\/h6><p>Podemos modificar, actualizar o cambiar esta Pol\u00edtica de Privacidad en cualquier momento para reflejar cambios sustanciales en la forma en que utilizamos su informaci\u00f3n. Dichos cambios se publicar\u00e1n en esta p\u00e1gina. Le recomendamos consultar peri\u00f3dicamente esta Pol\u00edtica de Privacidad para revisar los t\u00e9rminos y directrices vigentes que se aplican a su uso. Su uso continuado del Sitio tras la publicaci\u00f3n de dichos cambios indicar\u00e1 su plena aceptaci\u00f3n de los mismos.<\/p><h6>9. Sus derechos y actualizaci\u00f3n de su informaci\u00f3n personal<\/h6><p>En cualquier momento, usted puede acceder y corregir su informaci\u00f3n personal y actualizar sus preferencias de privacidad, incluyendo ejercer su derecho a darse de baja como Usuario Registrado del Sitio, enviando un correo electr\u00f3nico a:<\/p><p style=\"margin-left: 40px;\"><a href=\"mailto:contactus@vascorlogistics.com\">contactus@vascorlogistics.com<\/a><\/p><p>Como Usuario Registrado, ocasionalmente recibir\u00e1 correos electr\u00f3nicos sobre productos y servicios que ofrecemos y que creemos que podr\u00edan interesarle. Si prefiere no recibir estos mensajes, puede optar por no recibirlos siguiendo las instrucciones del correo electr\u00f3nico o poni\u00e9ndose en contacto con nosotros. Nos reservamos el derecho de limitar ciertos servicios a los Usuarios Registrados que acepten recibir correos electr\u00f3nicos.<\/p><p>Utilice los datos de contacto que aparecen a continuaci\u00f3n cuando nos contacte para ejercer sus derechos. En su comunicaci\u00f3n, le rogamos que proporcione un documento de identidad (como su permiso de conducir).<\/p><h6>10. Cont\u00e1ctenos<\/h6><p>Si tiene alguna consulta o inquietud con respecto a su informaci\u00f3n personal o tiene otras consultas o inquietudes relacionadas, puede escribir a:<\/p><p style=\"margin-left: 40px;\"><a href=\"mailto:contactus@vascorlogistics.com\">contactus@vascorlogistics.com<\/a><\/p><p>En su comunicaci\u00f3n con nosotros, describa con el mayor detalle posible la naturaleza de su consulta o las formas en que cree que no se ha cumplido esta Pol\u00edtica de Privacidad para que podamos investigar su consulta.<\/p>\n<\/div>\n<\/div><\/div>\n<\/section><\/div>","protected":false},"excerpt":{"rendered":"<p>Privacy Policy Definition: The terms \u201cwe\u201d, \u201cus\u201d and \u201cour\u201d are used to refer to VASCOR, Ltd and its Affiliates1 (collectively \u201cVASCOR Group\u201d).We are committed to maintaining the privacy of users who access our website (the \u201cSite\u201d). This Privacy Policy explains the types of information we gather and what we do with it. By using the [&hellip;]<\/p>\n","protected":false},"author":1,"featured_media":0,"parent":0,"menu_order":0,"comment_status":"closed","ping_status":"closed","template":"","meta":{"_breakdance_hide_in_design_set":false,"_breakdance_tags":"","footnotes":""},"class_list":["post-429","page","type-page","status-publish","hentry"],"_links":{"self":[{"href":"https:\/\/vascorlogistics.com\/es\/wp-json\/wp\/v2\/pages\/429","targetHints":{"allow":["GET"]}}],"collection":[{"href":"https:\/\/vascorlogistics.com\/es\/wp-json\/wp\/v2\/pages"}],"about":[{"href":"https:\/\/vascorlogistics.com\/es\/wp-json\/wp\/v2\/types\/page"}],"author":[{"embeddable":true,"href":"https:\/\/vascorlogistics.com\/es\/wp-json\/wp\/v2\/users\/1"}],"replies":[{"embeddable":true,"href":"https:\/\/vascorlogistics.com\/es\/wp-json\/wp\/v2\/comments?post=429"}],"version-history":[{"count":6,"href":"https:\/\/vascorlogistics.com\/es\/wp-json\/wp\/v2\/pages\/429\/revisions"}],"predecessor-version":[{"id":517,"href":"https:\/\/vascorlogistics.com\/es\/wp-json\/wp\/v2\/pages\/429\/revisions\/517"}],"wp:attachment":[{"href":"https:\/\/vascorlogistics.com\/es\/wp-json\/wp\/v2\/media?parent=429"}],"curies":[{"name":"wp","href":"https:\/\/api.w.org\/{rel}","templated":true}]}}