{"id":242,"date":"2025-07-24T19:18:31","date_gmt":"2025-07-24T19:18:31","guid":{"rendered":"https:\/\/vascorlogistics.com\/?page_id=242"},"modified":"2026-04-02T18:04:29","modified_gmt":"2026-04-02T18:04:29","slug":"inbound-logistics","status":"publish","type":"page","link":"https:\/\/vascorlogistics.com\/es\/inbound-logistics\/","title":{"rendered":"Log\u00edstica de entrada"},"content":{"rendered":"<div class='breakdance'><section class=\"bde-section-242-100 bde-section\">\n  \n  \n\t\n\n\n\n<div class=\"section-container\"><div class=\"bde-div-242-101 bde-div\">\n  \n  \n\t\n\n\n\n<h1 class=\"bde-heading-242-102 bde-heading\">\nLog\u00edstica de entrada\n<\/h1>\n<\/div><\/div>\n<\/section><section class=\"bde-section-242-103 bde-section\">\n  \n  \n\t\n\n\n\n<div class=\"section-container\"><div class=\"bde-div-242-104 bde-div bde-preset-7e25713e-19d4-4bee-90e7-529c3e8c9cf8\">\n  \n  \n\t\n\n\n\n<div class=\"bde-text-242-105 bde-text\">\nVASCOR es un socio log\u00edstico integral que ofrece visibilidad total de la cadena de suministro, con un servicio de primera clase y valor a\u00f1adido para nuestros clientes. Personalizamos nuestras soluciones, ya que entendemos que cada soluci\u00f3n para la cadena de suministro es diferente. Con VASCOR como su proveedor de cadena de suministro, usted puede concentrarse en lo que mejor sabe hacer: fabricar el producto.<br><br>\n<\/div><h4 class=\"bde-heading-242-106 bde-heading\">\nA continuaci\u00f3n, se detallan las amplias soluciones log\u00edsticas que ofrecemos. \u00a1D\u00edganos cu\u00e1l es la soluci\u00f3n ideal para usted!\n<\/h4>\n<\/div><div class=\"bde-div-242-111 bde-div\">\n  \n  \n\t\n\n\n\n<h2 class=\"bde-heading-242-109 bde-heading\">\nServicios 3PL\n<\/h2><div class=\"bde-div-242-110 bde-div\">\n  \n  \n\t\n\n\n\n<div class=\"bde-div-242-116 bde-div\">\n  \n  \n\t\n\n\n\n<div class=\"bde-text-242-117 bde-text\">\n<h3>Gesti\u00f3n del transporte<\/h3> <p>El seguimiento en tiempo real de todos los modos de transporte y la cobertura 24 horas al d\u00eda, 7 d\u00edas a la semana, los 365 d\u00edas del a\u00f1o proporcionan una visibilidad completa de su cadena de suministro.<\/p>\n<\/div>\n<\/div><div class=\"bde-div-242-122 bde-div\">\n  \n  \n\t\n\n\n\n<div class=\"bde-text-242-123 bde-text\">\n<h3>Optimizaci\u00f3n de la cadena de suministro<br><\/h3> <p>VASCOR optimiza la red log\u00edstica para obtener el mejor costo y utilizaci\u00f3n, permiti\u00e9ndole aprovechar al m\u00e1ximo su gasto en la cadena de suministro.<\/p>\n<\/div>\n<\/div><div class=\"bde-div-242-136 bde-div\">\n  \n  \n\t\n\n\n\n<div class=\"bde-text-242-137 bde-text\">\n<h3>Ahorro de costes\/Mejora continua<\/h3> <p>Identificamos ahorros de costos al mejorar su cadena de suministro entrante para lograr la mejor eficiencia y utilizaci\u00f3n.<\/p>\n<\/div>\n<\/div><div class=\"bde-div-242-134 bde-div\">\n  \n  \n\t\n\n\n\n<div class=\"bde-text-242-135 bde-text\">\n<h3>Utilizaci\u00f3n del remolque<\/h3> <p>VASCOR optimiza cada remolque para su utilizaci\u00f3n y el mejor retorno de su inversi\u00f3n.<\/p>\n<\/div>\n<\/div><div class=\"bde-div-242-132 bde-div\">\n  \n  \n\t\n\n\n\n<div class=\"bde-text-242-133 bde-text\">\n<h3>Pedido de piezas<\/h3> <p>La gesti\u00f3n de pedidos de piezas entrantes permite a VASCOR gestionar la cadena de suministro entrante y, al mismo tiempo, brindar visibilidad a nivel de pieza a la planta para notificaciones de excepciones en el momento de la recolecci\u00f3n.<\/p>\n<\/div>\n<\/div><div class=\"bde-div-242-130 bde-div\">\n  \n  \n\t\n\n\n\n<div class=\"bde-text-242-131 bde-text\">\n<h3>Informes de rendimiento (KPI\/Indicadores clave de rendimiento)<\/h3> <p>Los informes de KPI personalizados proporcionan los datos correctos necesarios para tomar decisiones para su cadena de suministro.<\/p>\n<\/div>\n<\/div><div class=\"bde-div-242-128 bde-div\">\n  \n  \n\t\n\n\n\n<div class=\"bde-text-242-129 bde-text\">\n<h3>Panel de control (Portal)<\/h3> <p>Los paneles de control personalizados basados en la Web proporcionan actualizaciones en tiempo real en un solo lugar y le permiten tomar decisiones con rapidez y precisi\u00f3n.<\/p>\n<\/div>\n<\/div><div class=\"bde-div-242-126 bde-div\">\n  \n  \n\t\n\n\n\n<div class=\"bde-text-242-127 bde-text\">\n<h3>Acelerar<\/h3> <p>Nuestro personal est\u00e1 disponible las 24 horas, los 7 d\u00edas de la semana, los 365 d\u00edas del a\u00f1o para gestionar cualquier mudanza urgente que necesite.<\/p>\n<\/div>\n<\/div><div class=\"bde-div-242-124 bde-div\">\n  \n  \n\t\n\n\n\n<div class=\"bde-text-242-125 bde-text\">\n<h3>Pago y auditor\u00eda de facturas de flete<\/h3> <p>Tendr\u00e1s la tranquilidad de que siempre est\u00e1s pagando el importe correcto por tus env\u00edos.<\/p>\n<\/div>\n<\/div>\n<\/div>\n<\/div><div class=\"bde-div-242-138 bde-div\">\n  \n  \n\t\n\n\n\n<h2 class=\"bde-heading-242-139 bde-heading\">\nOtros servicios\n<\/h2><div class=\"bde-div-242-140 bde-div\">\n  \n  \n\t\n\n\n\n<div class=\"bde-div-242-143 bde-div\">\n  \n  \n\t\n\n\n\n<div class=\"bde-text-242-144 bde-text\">\n<h3>Transporte espec\u00edfico<br><\/h3> <p>Nuestros activos propios de la empresa y nuestra extensa red de transportistas asociados dedicados brindan servicios de JIT, JIS, viajes de ida y vuelta, transporte de leche y transporte de ida.<\/p>\n<\/div>\n<\/div><div class=\"bde-div-242-155 bde-div\">\n  \n  \n\t\n\n\n\n<div class=\"bde-text-242-156 bde-text\">\n<h3>Gesti\u00f3n de patios<\/h3> <p>Nuestro personal dedicado est\u00e1 en el lugar para administrar su patio de remolques con completo estado y visibilidad.<\/p>\n<\/div>\n<\/div><div class=\"bde-div-242-157 bde-div\">\n  \n  \n\t\n\n\n\n<div class=\"bde-text-242-158 bde-text\">\n<h3>Dise\u00f1o de remolques especializados<\/h3> <p>VASCOR dise\u00f1a remolques personalizados construidos para mejorar la productividad y eficiencia de su sistema de producci\u00f3n.<\/p>\n<\/div>\n<\/div>\n<\/div>\n<\/div><\/div>\n<\/section><\/div>","protected":false},"excerpt":{"rendered":"<p>Inbound Logistics VASCOR is a comprehensive logistics partner providing full visibility to the supply chain with world-class service and value to our customers. We customize our solutions as we understand that every supply chain solution is different. With VASCOR as your supply chain provider, you can concentrate on what you do best, making the product. [&hellip;]<\/p>\n","protected":false},"author":1,"featured_media":0,"parent":0,"menu_order":0,"comment_status":"closed","ping_status":"closed","template":"","meta":{"_breakdance_hide_in_design_set":false,"_breakdance_tags":"","footnotes":""},"class_list":["post-242","page","type-page","status-publish","hentry"],"_links":{"self":[{"href":"https:\/\/vascorlogistics.com\/es\/wp-json\/wp\/v2\/pages\/242","targetHints":{"allow":["GET"]}}],"collection":[{"href":"https:\/\/vascorlogistics.com\/es\/wp-json\/wp\/v2\/pages"}],"about":[{"href":"https:\/\/vascorlogistics.com\/es\/wp-json\/wp\/v2\/types\/page"}],"author":[{"embeddable":true,"href":"https:\/\/vascorlogistics.com\/es\/wp-json\/wp\/v2\/users\/1"}],"replies":[{"embeddable":true,"href":"https:\/\/vascorlogistics.com\/es\/wp-json\/wp\/v2\/comments?post=242"}],"version-history":[{"count":58,"href":"https:\/\/vascorlogistics.com\/es\/wp-json\/wp\/v2\/pages\/242\/revisions"}],"predecessor-version":[{"id":1112,"href":"https:\/\/vascorlogistics.com\/es\/wp-json\/wp\/v2\/pages\/242\/revisions\/1112"}],"wp:attachment":[{"href":"https:\/\/vascorlogistics.com\/es\/wp-json\/wp\/v2\/media?parent=242"}],"curies":[{"name":"wp","href":"https:\/\/api.w.org\/{rel}","templated":true}]}}